{"id":1965,"date":"2025-04-17T08:31:21","date_gmt":"2025-04-17T08:31:21","guid":{"rendered":"https:\/\/spaceproduction.se\/?page_id=1965"},"modified":"2026-03-10T13:35:54","modified_gmt":"2026-03-10T13:35:54","slug":"workshop2026","status":"publish","type":"page","link":"https:\/\/spaceproduction.se\/en\/workshop2026\/","title":{"rendered":"Workshop 2026"},"content":{"rendered":"<div data-elementor-type=\"wp-page\" data-elementor-id=\"1965\" class=\"elementor elementor-1965\" data-elementor-post-type=\"page\">\n\t\t\t\t<div class=\"elementor-element elementor-element-884aa2a e-flex e-con-boxed e-con e-parent\" data-id=\"884aa2a\" data-element_type=\"container\" data-e-type=\"container\">\n\t\t\t\t\t<div class=\"e-con-inner\">\n\t\t\t\t<div class=\"elementor-element elementor-element-62dcabd elementor-widget elementor-widget-heading\" data-id=\"62dcabd\" data-element_type=\"widget\" data-e-type=\"widget\" data-widget_type=\"heading.default\">\n\t\t\t\t<div class=\"elementor-widget-container\">\n\t\t\t\t\t<h2 class=\"elementor-heading-title elementor-size-default\">Workshop 2026<\/h2>\t\t\t\t<\/div>\n\t\t\t\t<\/div>\n\t\t\t\t\t<\/div>\n\t\t\t\t<\/div>\n\t\t<div class=\"elementor-element elementor-element-8c93ce1 e-flex e-con-boxed e-con e-parent\" data-id=\"8c93ce1\" data-element_type=\"container\" data-e-type=\"container\">\n\t\t\t\t\t<div class=\"e-con-inner\">\n\t\t\t\t<div class=\"elementor-element elementor-element-da565b6 elementor-widget elementor-widget-text-editor\" data-id=\"da565b6\" data-element_type=\"widget\" data-e-type=\"widget\" data-widget_type=\"text-editor.default\">\n\t\t\t\t<div class=\"elementor-widget-container\">\n\t\t\t\t\t\t\t\t\t<p>H\u00e4r kan ni ladda ner en template till InDesign: <a href=\"https:\/\/we.tl\/t-ZnInPtGPK6\">WORKSHOP UNDERL\u00c4GG<\/a><\/p>\n<p>L\u00e4nk till presentationen: <a href=\"https:\/\/spaceproduction.se\/wp-content\/uploads\/2026\/03\/Brief-Drickunderlagg_260310.pdf\">Workshop brief<\/a><\/p>\n<p>Skicka in den f\u00e4rdiga filen till: <a href=\"mailto:stina.nystrom@spaceproduction.se\">stina.nystrom@spaceproduction.se<\/a><\/p>\n<p>Lycka till!<\/p>\t\t\t\t\t\t\t\t<\/div>\n\t\t\t\t<\/div>\n\t\t\t\t<div class=\"elementor-element elementor-element-9870fb9 elementor-widget elementor-widget-image\" data-id=\"9870fb9\" data-element_type=\"widget\" data-e-type=\"widget\" data-widget_type=\"image.default\">\n\t\t\t\t<div class=\"elementor-widget-container\">\n\t\t\t\t\t\t\t\t\t\t\t\t\t\t\t<img fetchpriority=\"high\" decoding=\"async\" width=\"800\" height=\"448\" src=\"https:\/\/spaceproduction.se\/wp-content\/uploads\/2025\/04\/Skarmbild-2025-04-17-103804-1024x573.png\" class=\"attachment-large size-large wp-image-1971\" alt=\"\" srcset=\"https:\/\/spaceproduction.se\/wp-content\/uploads\/2025\/04\/Skarmbild-2025-04-17-103804-1024x573.png 1024w, https:\/\/spaceproduction.se\/wp-content\/uploads\/2025\/04\/Skarmbild-2025-04-17-103804-300x168.png 300w, https:\/\/spaceproduction.se\/wp-content\/uploads\/2025\/04\/Skarmbild-2025-04-17-103804-768x430.png 768w, https:\/\/spaceproduction.se\/wp-content\/uploads\/2025\/04\/Skarmbild-2025-04-17-103804-1536x860.png 1536w, https:\/\/spaceproduction.se\/wp-content\/uploads\/2025\/04\/Skarmbild-2025-04-17-103804-18x10.png 18w, https:\/\/spaceproduction.se\/wp-content\/uploads\/2025\/04\/Skarmbild-2025-04-17-103804.png 1908w\" sizes=\"(max-width: 800px) 100vw, 800px\" \/>\t\t\t\t\t\t\t\t\t\t\t\t\t\t\t<\/div>\n\t\t\t\t<\/div>\n\t\t\t\t\t<\/div>\n\t\t\t\t<\/div>\n\t\t\t\t<\/div>","protected":false},"excerpt":{"rendered":"<p>Workshop 2026 H\u00e4r kan ni ladda ner en template till InDesign: WORKSHOP UNDERL\u00c4GG L\u00e4nk till presentationen: Workshop brief Skicka in den f\u00e4rdiga filen till: stina.nystrom@spaceproduction.se Lycka till!<\/p>","protected":false},"author":1,"featured_media":0,"parent":0,"menu_order":0,"comment_status":"closed","ping_status":"closed","template":"","meta":{"footnotes":""},"class_list":["post-1965","page","type-page","status-publish","hentry"],"yoast_head":"<!-- This site is optimized with the Yoast SEO plugin v27.5 - https:\/\/yoast.com\/product\/yoast-seo-wordpress\/ -->\n<title>Workshop 2026 - Space Production<\/title>\n<meta name=\"description\" content=\"Space Production \u00e4r Nordens ledande helhetsleverant\u00f6r inom m\u00e4ssa, event och inredningsproduktion.\" \/>\n<meta name=\"robots\" content=\"index, follow, max-snippet:-1, max-image-preview:large, max-video-preview:-1\" \/>\n<link rel=\"canonical\" href=\"https:\/\/spaceproduction.se\/en\/workshop2026\/\" \/>\n<meta property=\"og:locale\" content=\"en_GB\" \/>\n<meta property=\"og:type\" content=\"article\" \/>\n<meta property=\"og:title\" content=\"Workshop 2026 - Space Production\" \/>\n<meta property=\"og:description\" content=\"Space Production \u00e4r Nordens ledande helhetsleverant\u00f6r inom m\u00e4ssa, event och inredningsproduktion.\" \/>\n<meta property=\"og:url\" content=\"https:\/\/spaceproduction.se\/en\/workshop2026\/\" \/>\n<meta property=\"og:site_name\" content=\"Space Production\" \/>\n<meta property=\"article:publisher\" content=\"https:\/\/www.facebook.com\/spaceproduction.se\" \/>\n<meta property=\"article:modified_time\" content=\"2026-03-10T13:35:54+00:00\" \/>\n<meta property=\"og:image\" content=\"https:\/\/spaceproduction.se\/wp-content\/uploads\/2025\/04\/Skarmbild-2025-04-17-103804-1024x573.png\" \/>\n<meta name=\"twitter:card\" content=\"summary_large_image\" \/>\n<meta name=\"twitter:label1\" content=\"Estimated reading time\" \/>\n\t<meta name=\"twitter:data1\" content=\"1 minute\" \/>\n<script type=\"application\/ld+json\" class=\"yoast-schema-graph\">{\"@context\":\"https:\\\/\\\/schema.org\",\"@graph\":[{\"@type\":\"WebPage\",\"@id\":\"https:\\\/\\\/spaceproduction.se\\\/workshop2026\\\/\",\"url\":\"https:\\\/\\\/spaceproduction.se\\\/workshop2026\\\/\",\"name\":\"Workshop 2026 - Space Production\",\"isPartOf\":{\"@id\":\"https:\\\/\\\/spaceproduction.se\\\/#website\"},\"primaryImageOfPage\":{\"@id\":\"https:\\\/\\\/spaceproduction.se\\\/workshop2026\\\/#primaryimage\"},\"image\":{\"@id\":\"https:\\\/\\\/spaceproduction.se\\\/workshop2026\\\/#primaryimage\"},\"thumbnailUrl\":\"https:\\\/\\\/spaceproduction.se\\\/wp-content\\\/uploads\\\/2025\\\/04\\\/Skarmbild-2025-04-17-103804-1024x573.png\",\"datePublished\":\"2025-04-17T08:31:21+00:00\",\"dateModified\":\"2026-03-10T13:35:54+00:00\",\"description\":\"Space Production \u00e4r Nordens ledande helhetsleverant\u00f6r inom m\u00e4ssa, event och inredningsproduktion.\",\"breadcrumb\":{\"@id\":\"https:\\\/\\\/spaceproduction.se\\\/workshop2026\\\/#breadcrumb\"},\"inLanguage\":\"en-GB\",\"potentialAction\":[{\"@type\":\"ReadAction\",\"target\":[\"https:\\\/\\\/spaceproduction.se\\\/workshop2026\\\/\"]}]},{\"@type\":\"ImageObject\",\"inLanguage\":\"en-GB\",\"@id\":\"https:\\\/\\\/spaceproduction.se\\\/workshop2026\\\/#primaryimage\",\"url\":\"https:\\\/\\\/spaceproduction.se\\\/wp-content\\\/uploads\\\/2025\\\/04\\\/Skarmbild-2025-04-17-103804-1024x573.png\",\"contentUrl\":\"https:\\\/\\\/spaceproduction.se\\\/wp-content\\\/uploads\\\/2025\\\/04\\\/Skarmbild-2025-04-17-103804-1024x573.png\"},{\"@type\":\"BreadcrumbList\",\"@id\":\"https:\\\/\\\/spaceproduction.se\\\/workshop2026\\\/#breadcrumb\",\"itemListElement\":[{\"@type\":\"ListItem\",\"position\":1,\"name\":\"Hem\",\"item\":\"https:\\\/\\\/spaceproduction.se\\\/\"},{\"@type\":\"ListItem\",\"position\":2,\"name\":\"Workshop 2026\"}]},{\"@type\":\"WebSite\",\"@id\":\"https:\\\/\\\/spaceproduction.se\\\/#website\",\"url\":\"https:\\\/\\\/spaceproduction.se\\\/\",\"name\":\"Space Production\",\"description\":\"Montrar Event Inredning\",\"publisher\":{\"@id\":\"https:\\\/\\\/spaceproduction.se\\\/#organization\"},\"alternateName\":\"Space\",\"potentialAction\":[{\"@type\":\"SearchAction\",\"target\":{\"@type\":\"EntryPoint\",\"urlTemplate\":\"https:\\\/\\\/spaceproduction.se\\\/?s={search_term_string}\"},\"query-input\":{\"@type\":\"PropertyValueSpecification\",\"valueRequired\":true,\"valueName\":\"search_term_string\"}}],\"inLanguage\":\"en-GB\"},{\"@type\":\"Organization\",\"@id\":\"https:\\\/\\\/spaceproduction.se\\\/#organization\",\"name\":\"Space Production\",\"alternateName\":\"Space\",\"url\":\"https:\\\/\\\/spaceproduction.se\\\/\",\"logo\":{\"@type\":\"ImageObject\",\"inLanguage\":\"en-GB\",\"@id\":\"https:\\\/\\\/spaceproduction.se\\\/#\\\/schema\\\/logo\\\/image\\\/\",\"url\":\"https:\\\/\\\/spaceproduction.se\\\/wp-content\\\/uploads\\\/2024\\\/12\\\/Space-Logo-Blue.jpg\",\"contentUrl\":\"https:\\\/\\\/spaceproduction.se\\\/wp-content\\\/uploads\\\/2024\\\/12\\\/Space-Logo-Blue.jpg\",\"width\":567,\"height\":567,\"caption\":\"Space Production\"},\"image\":{\"@id\":\"https:\\\/\\\/spaceproduction.se\\\/#\\\/schema\\\/logo\\\/image\\\/\"},\"sameAs\":[\"https:\\\/\\\/www.facebook.com\\\/spaceproduction.se\",\"https:\\\/\\\/www.instagram.com\\\/spaceproductiongbg\\\/\",\"https:\\\/\\\/www.linkedin.com\\\/company\\\/space-production-ab\\\/\"]}]}<\/script>\n<!-- \/ Yoast SEO plugin. -->","yoast_head_json":{"title":"Workshop 2026 - Space Production","description":"Space Production \u00e4r Nordens ledande helhetsleverant\u00f6r inom m\u00e4ssa, event och inredningsproduktion.","robots":{"index":"index","follow":"follow","max-snippet":"max-snippet:-1","max-image-preview":"max-image-preview:large","max-video-preview":"max-video-preview:-1"},"canonical":"https:\/\/spaceproduction.se\/en\/workshop2026\/","og_locale":"en_GB","og_type":"article","og_title":"Workshop 2026 - Space Production","og_description":"Space Production \u00e4r Nordens ledande helhetsleverant\u00f6r inom m\u00e4ssa, event och inredningsproduktion.","og_url":"https:\/\/spaceproduction.se\/en\/workshop2026\/","og_site_name":"Space Production","article_publisher":"https:\/\/www.facebook.com\/spaceproduction.se","article_modified_time":"2026-03-10T13:35:54+00:00","og_image":[{"url":"https:\/\/spaceproduction.se\/wp-content\/uploads\/2025\/04\/Skarmbild-2025-04-17-103804-1024x573.png","type":"","width":"","height":""}],"twitter_card":"summary_large_image","twitter_misc":{"Estimated reading time":"1 minute"},"schema":{"@context":"https:\/\/schema.org","@graph":[{"@type":"WebPage","@id":"https:\/\/spaceproduction.se\/workshop2026\/","url":"https:\/\/spaceproduction.se\/workshop2026\/","name":"Workshop 2026 - Space Production","isPartOf":{"@id":"https:\/\/spaceproduction.se\/#website"},"primaryImageOfPage":{"@id":"https:\/\/spaceproduction.se\/workshop2026\/#primaryimage"},"image":{"@id":"https:\/\/spaceproduction.se\/workshop2026\/#primaryimage"},"thumbnailUrl":"https:\/\/spaceproduction.se\/wp-content\/uploads\/2025\/04\/Skarmbild-2025-04-17-103804-1024x573.png","datePublished":"2025-04-17T08:31:21+00:00","dateModified":"2026-03-10T13:35:54+00:00","description":"Space Production \u00e4r Nordens ledande helhetsleverant\u00f6r inom m\u00e4ssa, event och inredningsproduktion.","breadcrumb":{"@id":"https:\/\/spaceproduction.se\/workshop2026\/#breadcrumb"},"inLanguage":"en-GB","potentialAction":[{"@type":"ReadAction","target":["https:\/\/spaceproduction.se\/workshop2026\/"]}]},{"@type":"ImageObject","inLanguage":"en-GB","@id":"https:\/\/spaceproduction.se\/workshop2026\/#primaryimage","url":"https:\/\/spaceproduction.se\/wp-content\/uploads\/2025\/04\/Skarmbild-2025-04-17-103804-1024x573.png","contentUrl":"https:\/\/spaceproduction.se\/wp-content\/uploads\/2025\/04\/Skarmbild-2025-04-17-103804-1024x573.png"},{"@type":"BreadcrumbList","@id":"https:\/\/spaceproduction.se\/workshop2026\/#breadcrumb","itemListElement":[{"@type":"ListItem","position":1,"name":"Hem","item":"https:\/\/spaceproduction.se\/"},{"@type":"ListItem","position":2,"name":"Workshop 2026"}]},{"@type":"WebSite","@id":"https:\/\/spaceproduction.se\/#website","url":"https:\/\/spaceproduction.se\/","name":"Space Production","description":"Montrar Event Inredning","publisher":{"@id":"https:\/\/spaceproduction.se\/#organization"},"alternateName":"Space","potentialAction":[{"@type":"SearchAction","target":{"@type":"EntryPoint","urlTemplate":"https:\/\/spaceproduction.se\/?s={search_term_string}"},"query-input":{"@type":"PropertyValueSpecification","valueRequired":true,"valueName":"search_term_string"}}],"inLanguage":"en-GB"},{"@type":"Organization","@id":"https:\/\/spaceproduction.se\/#organization","name":"Space Production","alternateName":"Space","url":"https:\/\/spaceproduction.se\/","logo":{"@type":"ImageObject","inLanguage":"en-GB","@id":"https:\/\/spaceproduction.se\/#\/schema\/logo\/image\/","url":"https:\/\/spaceproduction.se\/wp-content\/uploads\/2024\/12\/Space-Logo-Blue.jpg","contentUrl":"https:\/\/spaceproduction.se\/wp-content\/uploads\/2024\/12\/Space-Logo-Blue.jpg","width":567,"height":567,"caption":"Space Production"},"image":{"@id":"https:\/\/spaceproduction.se\/#\/schema\/logo\/image\/"},"sameAs":["https:\/\/www.facebook.com\/spaceproduction.se","https:\/\/www.instagram.com\/spaceproductiongbg\/","https:\/\/www.linkedin.com\/company\/space-production-ab\/"]}]}},"jetpack_sharing_enabled":true,"_links":{"self":[{"href":"https:\/\/spaceproduction.se\/en\/wp-json\/wp\/v2\/pages\/1965","targetHints":{"allow":["GET"]}}],"collection":[{"href":"https:\/\/spaceproduction.se\/en\/wp-json\/wp\/v2\/pages"}],"about":[{"href":"https:\/\/spaceproduction.se\/en\/wp-json\/wp\/v2\/types\/page"}],"author":[{"embeddable":true,"href":"https:\/\/spaceproduction.se\/en\/wp-json\/wp\/v2\/users\/1"}],"replies":[{"embeddable":true,"href":"https:\/\/spaceproduction.se\/en\/wp-json\/wp\/v2\/comments?post=1965"}],"version-history":[{"count":38,"href":"https:\/\/spaceproduction.se\/en\/wp-json\/wp\/v2\/pages\/1965\/revisions"}],"predecessor-version":[{"id":2238,"href":"https:\/\/spaceproduction.se\/en\/wp-json\/wp\/v2\/pages\/1965\/revisions\/2238"}],"wp:attachment":[{"href":"https:\/\/spaceproduction.se\/en\/wp-json\/wp\/v2\/media?parent=1965"}],"curies":[{"name":"wp","href":"https:\/\/api.w.org\/{rel}","templated":true}]}}