{"id":430,"date":"2024-12-06T13:56:16","date_gmt":"2024-12-06T13:56:16","guid":{"rendered":"https:\/\/spaceproduction.se\/?page_id=430"},"modified":"2025-01-24T11:51:40","modified_gmt":"2025-01-24T11:51:40","slug":"nyheter","status":"publish","type":"page","link":"https:\/\/spaceproduction.se\/en\/nyheter\/","title":{"rendered":"NEWS"},"content":{"rendered":"<div data-elementor-type=\"wp-page\" data-elementor-id=\"430\" class=\"elementor elementor-430\" data-elementor-post-type=\"page\">\n\t\t\t\t<div class=\"elementor-element elementor-element-e9d8217 e-flex e-con-boxed e-con e-parent\" data-id=\"e9d8217\" data-element_type=\"container\" data-e-type=\"container\">\n\t\t\t\t\t<div class=\"e-con-inner\">\n\t\t\t\t<div class=\"elementor-element elementor-element-947fdb1 elementor-widget elementor-widget-heading\" data-id=\"947fdb1\" data-element_type=\"widget\" data-e-type=\"widget\" data-widget_type=\"heading.default\">\n\t\t\t\t<div class=\"elementor-widget-container\">\n\t\t\t\t\t<h2 class=\"elementor-heading-title elementor-size-default\">Case<\/h2>\t\t\t\t<\/div>\n\t\t\t\t<\/div>\n\t\t\t\t<div class=\"elementor-element elementor-element-d6e7c75 elementor-widget__width-initial elementor-grid-3 elementor-grid-tablet-2 elementor-grid-mobile-1 elementor-posts--thumbnail-top elementor-card-shadow-yes elementor-posts__hover-gradient load-more-align-center elementor-widget elementor-widget-posts\" data-id=\"d6e7c75\" data-element_type=\"widget\" data-e-type=\"widget\" data-settings=\"{&quot;pagination_type&quot;:&quot;load_more_on_click&quot;,&quot;cards_columns&quot;:&quot;3&quot;,&quot;cards_columns_tablet&quot;:&quot;2&quot;,&quot;cards_columns_mobile&quot;:&quot;1&quot;,&quot;cards_row_gap&quot;:{&quot;unit&quot;:&quot;px&quot;,&quot;size&quot;:35,&quot;sizes&quot;:[]},&quot;cards_row_gap_tablet&quot;:{&quot;unit&quot;:&quot;px&quot;,&quot;size&quot;:&quot;&quot;,&quot;sizes&quot;:[]},&quot;cards_row_gap_mobile&quot;:{&quot;unit&quot;:&quot;px&quot;,&quot;size&quot;:&quot;&quot;,&quot;sizes&quot;:[]},&quot;load_more_spinner&quot;:{&quot;value&quot;:&quot;fas fa-spinner&quot;,&quot;library&quot;:&quot;fa-solid&quot;}}\" data-widget_type=\"posts.cards\">\n\t\t\t\t<div class=\"elementor-widget-container\">\n\t\t\t\t\t\t\t<div class=\"elementor-posts-container elementor-posts elementor-posts--skin-cards elementor-grid\" role=\"list\">\n\t\t\t\t<article class=\"elementor-post elementor-grid-item post-2207 post type-post status-publish format-standard has-post-thumbnail hentry category-event\" role=\"listitem\">\n\t\t\t<div class=\"elementor-post__card\">\n\t\t\t\t<a class=\"elementor-post__thumbnail__link\" href=\"https:\/\/spaceproduction.se\/en\/2026\/02\/06\/fristad\/\" tabindex=\"-1\" ><div class=\"elementor-post__thumbnail\"><img fetchpriority=\"high\" decoding=\"async\" width=\"768\" height=\"1024\" src=\"https:\/\/spaceproduction.se\/wp-content\/uploads\/2026\/02\/Fristad-8-768x1024.jpg\" class=\"attachment-large size-large wp-image-2212\" alt=\"\" srcset=\"https:\/\/spaceproduction.se\/wp-content\/uploads\/2026\/02\/Fristad-8-768x1024.jpg 768w, https:\/\/spaceproduction.se\/wp-content\/uploads\/2026\/02\/Fristad-8-225x300.jpg 225w, https:\/\/spaceproduction.se\/wp-content\/uploads\/2026\/02\/Fristad-8-1152x1536.jpg 1152w, https:\/\/spaceproduction.se\/wp-content\/uploads\/2026\/02\/Fristad-8-1536x2048.jpg 1536w, https:\/\/spaceproduction.se\/wp-content\/uploads\/2026\/02\/Fristad-8-9x12.jpg 9w, https:\/\/spaceproduction.se\/wp-content\/uploads\/2026\/02\/Fristad-8-scaled.jpg 1920w\" sizes=\"(max-width: 768px) 100vw, 768px\" \/><\/div><\/a>\n\t\t\t\t<div class=\"elementor-post__text\">\n\t\t\t\t<h3 class=\"elementor-post__title\">\n\t\t\t<a href=\"https:\/\/spaceproduction.se\/en\/2026\/02\/06\/fristad\/\" >\n\t\t\t\tA tree from Bor\u00e5s in D\u00fcsseldorf\t\t\t<\/a>\n\t\t<\/h3>\n\t\t\t\t<div class=\"elementor-post__excerpt\">\n\t\t\t<p>The world's leading trade fair for safety and health at work \u2013 A+A \u2013 was held in D\u00fcsseldorf last autumn. The fair is held every two years and focuses on workwear, protective equipment, and corporate fashion.<\/p>\n\t\t<\/div>\n\t\t\t\t<\/div>\n\t\t\t\t<div class=\"elementor-post__meta-data\">\n\t\t\t\t\t<span class=\"elementor-post-date\">\n\t\t\t6 February, 2026\t\t<\/span>\n\t\t\t\t<\/div>\n\t\t\t\t\t<\/div>\n\t\t<\/article>\n\t\t\t\t<article class=\"elementor-post elementor-grid-item post-2190 post type-post status-publish format-standard has-post-thumbnail hentry category-event category-hem\" role=\"listitem\">\n\t\t\t<div class=\"elementor-post__card\">\n\t\t\t\t<a class=\"elementor-post__thumbnail__link\" href=\"https:\/\/spaceproduction.se\/en\/2026\/01\/30\/popout-i-sommar\/\" tabindex=\"-1\" ><div class=\"elementor-post__thumbnail\"><img decoding=\"async\" width=\"800\" height=\"600\" src=\"https:\/\/spaceproduction.se\/wp-content\/uploads\/2026\/01\/20250808_161033348_iOS-1024x768.jpg\" class=\"attachment-large size-large wp-image-2193\" alt=\"\" srcset=\"https:\/\/spaceproduction.se\/wp-content\/uploads\/2026\/01\/20250808_161033348_iOS-1024x768.jpg 1024w, https:\/\/spaceproduction.se\/wp-content\/uploads\/2026\/01\/20250808_161033348_iOS-300x225.jpg 300w, https:\/\/spaceproduction.se\/wp-content\/uploads\/2026\/01\/20250808_161033348_iOS-768x576.jpg 768w, https:\/\/spaceproduction.se\/wp-content\/uploads\/2026\/01\/20250808_161033348_iOS-1536x1152.jpg 1536w, https:\/\/spaceproduction.se\/wp-content\/uploads\/2026\/01\/20250808_161033348_iOS-2048x1536.jpg 2048w, https:\/\/spaceproduction.se\/wp-content\/uploads\/2026\/01\/20250808_161033348_iOS-16x12.jpg 16w\" sizes=\"(max-width: 800px) 100vw, 800px\" \/><\/div><\/a>\n\t\t\t\t<div class=\"elementor-post__text\">\n\t\t\t\t<h3 class=\"elementor-post__title\">\n\t\t\t<a href=\"https:\/\/spaceproduction.se\/en\/2026\/01\/30\/popout-i-sommar\/\" >\n\t\t\t\tPopOUT this summer?\t\t\t<\/a>\n\t\t<\/h3>\n\t\t\t\t<div class=\"elementor-post__excerpt\">\n\t\t\t<p>Now that the sun has started to show here in Gothenburg, we are starting to look forward to all the wonderful outdoor events of the summer. Perhaps our popOUT pavilions would be the perfect solution for your event?<\/p>\n\t\t<\/div>\n\t\t\t\t<\/div>\n\t\t\t\t<div class=\"elementor-post__meta-data\">\n\t\t\t\t\t<span class=\"elementor-post-date\">\n\t\t\t30 January, 2026\t\t<\/span>\n\t\t\t\t<\/div>\n\t\t\t\t\t<\/div>\n\t\t<\/article>\n\t\t\t\t<article class=\"elementor-post elementor-grid-item post-2158 post type-post status-publish format-standard has-post-thumbnail hentry category-event\" role=\"listitem\">\n\t\t\t<div class=\"elementor-post__card\">\n\t\t\t\t<a class=\"elementor-post__thumbnail__link\" href=\"https:\/\/spaceproduction.se\/en\/2025\/11\/27\/exklusivt-event-for-uipath-i-las-vegas\/\" tabindex=\"-1\" ><div class=\"elementor-post__thumbnail\"><img decoding=\"async\" width=\"800\" height=\"600\" src=\"https:\/\/spaceproduction.se\/wp-content\/uploads\/2025\/11\/20250930_151031383_iOS-1024x768.jpg\" class=\"attachment-large size-large wp-image-2165\" alt=\"\" srcset=\"https:\/\/spaceproduction.se\/wp-content\/uploads\/2025\/11\/20250930_151031383_iOS-1024x768.jpg 1024w, https:\/\/spaceproduction.se\/wp-content\/uploads\/2025\/11\/20250930_151031383_iOS-300x225.jpg 300w, https:\/\/spaceproduction.se\/wp-content\/uploads\/2025\/11\/20250930_151031383_iOS-768x576.jpg 768w, https:\/\/spaceproduction.se\/wp-content\/uploads\/2025\/11\/20250930_151031383_iOS-1536x1152.jpg 1536w, https:\/\/spaceproduction.se\/wp-content\/uploads\/2025\/11\/20250930_151031383_iOS-2048x1536.jpg 2048w, https:\/\/spaceproduction.se\/wp-content\/uploads\/2025\/11\/20250930_151031383_iOS-16x12.jpg 16w\" sizes=\"(max-width: 800px) 100vw, 800px\" \/><\/div><\/a>\n\t\t\t\t<div class=\"elementor-post__text\">\n\t\t\t\t<h3 class=\"elementor-post__title\">\n\t\t\t<a href=\"https:\/\/spaceproduction.se\/en\/2025\/11\/27\/exklusivt-event-for-uipath-i-las-vegas\/\" >\n\t\t\t\tExclusive event for UiPath in Las Vegas\t\t\t<\/a>\n\t\t<\/h3>\n\t\t\t\t<div class=\"elementor-post__excerpt\">\n\t\t\t<p>P\u00e5 UiPaths stora event FUSION, som h\u00f6lls i Las Vegas, var det framtidens teknologi och exklusivitet som stod i centrum<\/p>\n\t\t<\/div>\n\t\t\t\t<\/div>\n\t\t\t\t<div class=\"elementor-post__meta-data\">\n\t\t\t\t\t<span class=\"elementor-post-date\">\n\t\t\t27 November, 2025\t\t<\/span>\n\t\t\t\t<\/div>\n\t\t\t\t\t<\/div>\n\t\t<\/article>\n\t\t\t\t<\/div>\n\t\t\t\t\t<span class=\"e-load-more-spinner\">\n\t\t\t\t<svg aria-hidden=\"true\" class=\"e-font-icon-svg e-fas-spinner\" viewbox=\"0 0 512 512\" xmlns=\"http:\/\/www.w3.org\/2000\/svg\"><path d=\"M304 48c0 26.51-21.49 48-48 48s-48-21.49-48-48 21.49-48 48-48 48 21.49 48 48zm-48 368c-26.51 0-48 21.49-48 48s21.49 48 48 48 48-21.49 48-48-21.49-48-48-48zm208-208c-26.51 0-48 21.49-48 48s21.49 48 48 48 48-21.49 48-48-21.49-48-48-48zM96 256c0-26.51-21.49-48-48-48S0 229.49 0 256s21.49 48 48 48 48-21.49 48-48zm12.922 99.078c-26.51 0-48 21.49-48 48s21.49 48 48 48 48-21.49 48-48c0-26.509-21.491-48-48-48zm294.156 0c-26.51 0-48 21.49-48 48s21.49 48 48 48 48-21.49 48-48c0-26.509-21.49-48-48-48zM108.922 60.922c-26.51 0-48 21.49-48 48s21.49 48 48 48 48-21.49 48-48-21.491-48-48-48z\"><\/path><\/svg>\t\t\t<\/span>\n\t\t\n\t\t\t\t<div class=\"e-load-more-anchor\" data-page=\"1\" data-max-page=\"9\" data-next-page=\"https:\/\/spaceproduction.se\/en\/wp-json\/wp\/v2\/pages\/430\/page\/2\/\"><\/div>\n\t\t\t\t<div class=\"elementor-button-wrapper\">\n\t\t\t<a class=\"elementor-button elementor-size-sm\" role=\"button\">\n\t\t\t\t\t\t<span class=\"elementor-button-content-wrapper\">\n\t\t\t\t\t\t\t\t\t<span class=\"elementor-button-text\">Load more<\/span>\n\t\t\t\t\t<\/span>\n\t\t\t\t\t<\/a>\n\t\t<\/div>\n\t\t\t\t<div class=\"e-load-more-message\"><\/div>\n\t\t\t\t\t\t<\/div>\n\t\t\t\t<\/div>\n\t\t\t\t\t<\/div>\n\t\t\t\t<\/div>\n\t\t<div class=\"elementor-element elementor-element-e801e15 e-flex e-con-boxed e-con e-parent\" data-id=\"e801e15\" data-element_type=\"container\" data-e-type=\"container\">\n\t\t\t\t\t<div class=\"e-con-inner\">\n\t\t\t\t<div class=\"elementor-element elementor-element-308d334 elementor-widget elementor-widget-heading\" data-id=\"308d334\" data-element_type=\"widget\" data-e-type=\"widget\" data-widget_type=\"heading.default\">\n\t\t\t\t<div class=\"elementor-widget-container\">\n\t\t\t\t\t<h2 class=\"elementor-heading-title elementor-size-default\">News from Space Production<\/h2>\t\t\t\t<\/div>\n\t\t\t\t<\/div>\n\t\t\t\t<div class=\"elementor-element elementor-element-c279364 elementor-widget__width-initial elementor-grid-3 elementor-grid-tablet-2 elementor-grid-mobile-1 elementor-posts--thumbnail-top elementor-card-shadow-yes elementor-posts__hover-gradient load-more-align-center elementor-widget elementor-widget-posts\" data-id=\"c279364\" data-element_type=\"widget\" data-e-type=\"widget\" data-settings=\"{&quot;pagination_type&quot;:&quot;load_more_on_click&quot;,&quot;cards_columns&quot;:&quot;3&quot;,&quot;cards_columns_tablet&quot;:&quot;2&quot;,&quot;cards_columns_mobile&quot;:&quot;1&quot;,&quot;cards_row_gap&quot;:{&quot;unit&quot;:&quot;px&quot;,&quot;size&quot;:35,&quot;sizes&quot;:[]},&quot;cards_row_gap_tablet&quot;:{&quot;unit&quot;:&quot;px&quot;,&quot;size&quot;:&quot;&quot;,&quot;sizes&quot;:[]},&quot;cards_row_gap_mobile&quot;:{&quot;unit&quot;:&quot;px&quot;,&quot;size&quot;:&quot;&quot;,&quot;sizes&quot;:[]},&quot;load_more_spinner&quot;:{&quot;value&quot;:&quot;fas fa-spinner&quot;,&quot;library&quot;:&quot;fa-solid&quot;}}\" data-widget_type=\"posts.cards\">\n\t\t\t\t<div class=\"elementor-widget-container\">\n\t\t\t\t\t\t\t<div class=\"elementor-posts-container elementor-posts elementor-posts--skin-cards elementor-grid\" role=\"list\">\n\t\t\t\t<article class=\"elementor-post elementor-grid-item post-2111 post type-post status-publish format-standard has-post-thumbnail hentry category-hem category-nyheter\" role=\"listitem\">\n\t\t\t<div class=\"elementor-post__card\">\n\t\t\t\t<a class=\"elementor-post__thumbnail__link\" href=\"https:\/\/spaceproduction.se\/en\/2025\/11\/01\/sveriges-storsta-monterbyggare-space-production-toppar-listan\/\" tabindex=\"-1\" ><div class=\"elementor-post__thumbnail\"><img loading=\"lazy\" decoding=\"async\" width=\"800\" height=\"600\" src=\"https:\/\/spaceproduction.se\/wp-content\/uploads\/2025\/11\/IMG_5728-1024x768.jpg\" class=\"attachment-large size-large wp-image-2128\" alt=\"\" srcset=\"https:\/\/spaceproduction.se\/wp-content\/uploads\/2025\/11\/IMG_5728-1024x768.jpg 1024w, https:\/\/spaceproduction.se\/wp-content\/uploads\/2025\/11\/IMG_5728-300x225.jpg 300w, https:\/\/spaceproduction.se\/wp-content\/uploads\/2025\/11\/IMG_5728-768x576.jpg 768w, https:\/\/spaceproduction.se\/wp-content\/uploads\/2025\/11\/IMG_5728-1536x1152.jpg 1536w, https:\/\/spaceproduction.se\/wp-content\/uploads\/2025\/11\/IMG_5728-2048x1536.jpg 2048w, https:\/\/spaceproduction.se\/wp-content\/uploads\/2025\/11\/IMG_5728-16x12.jpg 16w\" sizes=\"(max-width: 800px) 100vw, 800px\" \/><\/div><\/a>\n\t\t\t\t<div class=\"elementor-post__text\">\n\t\t\t\t<h3 class=\"elementor-post__title\">\n\t\t\t<a href=\"https:\/\/spaceproduction.se\/en\/2025\/11\/01\/sveriges-storsta-monterbyggare-space-production-toppar-listan\/\" >\n\t\t\t\tSweden's largest stand builder continues to grow \u2013 Space Production tops the list again\t\t\t<\/a>\n\t\t<\/h3>\n\t\t\t\t<div class=\"elementor-post__excerpt\">\n\t\t\t<p>Some time ago, Eventeffect published a list of Sweden's largest stand builders. At the top of the list was once again Space Production.<\/p>\n\t\t<\/div>\n\t\t\t\t<\/div>\n\t\t\t\t<div class=\"elementor-post__meta-data\">\n\t\t\t\t\t<span class=\"elementor-post-date\">\n\t\t\t1 November, 2025\t\t<\/span>\n\t\t\t\t<\/div>\n\t\t\t\t\t<\/div>\n\t\t<\/article>\n\t\t\t\t<article class=\"elementor-post elementor-grid-item post-2118 post type-post status-publish format-standard has-post-thumbnail hentry category-nyheter\" role=\"listitem\">\n\t\t\t<div class=\"elementor-post__card\">\n\t\t\t\t<a class=\"elementor-post__thumbnail__link\" href=\"https:\/\/spaceproduction.se\/en\/2025\/09\/01\/en-massmonter-ar-mer-an-ett-tillfalligt-bygge\/\" tabindex=\"-1\" ><div class=\"elementor-post__thumbnail\"><img loading=\"lazy\" decoding=\"async\" width=\"800\" height=\"534\" src=\"https:\/\/spaceproduction.se\/wp-content\/uploads\/2025\/11\/Mats.jpg\" class=\"attachment-large size-large wp-image-2135\" alt=\"\" srcset=\"https:\/\/spaceproduction.se\/wp-content\/uploads\/2025\/11\/Mats.jpg 800w, https:\/\/spaceproduction.se\/wp-content\/uploads\/2025\/11\/Mats-300x200.jpg 300w, https:\/\/spaceproduction.se\/wp-content\/uploads\/2025\/11\/Mats-768x513.jpg 768w, https:\/\/spaceproduction.se\/wp-content\/uploads\/2025\/11\/Mats-18x12.jpg 18w\" sizes=\"(max-width: 800px) 100vw, 800px\" \/><\/div><\/a>\n\t\t\t\t<div class=\"elementor-post__text\">\n\t\t\t\t<h3 class=\"elementor-post__title\">\n\t\t\t<a href=\"https:\/\/spaceproduction.se\/en\/2025\/09\/01\/en-massmonter-ar-mer-an-ett-tillfalligt-bygge\/\" >\n\t\t\t\tA trade show booth is more than a temporary structure\t\t\t<\/a>\n\t\t<\/h3>\n\t\t\t\t<div class=\"elementor-post__excerpt\">\n\t\t\t<p>Mats Flod\u00e9n was interviewed in connection with Eventeffects Expoguide. You can read the article here.<\/p>\n\t\t<\/div>\n\t\t\t\t<\/div>\n\t\t\t\t<div class=\"elementor-post__meta-data\">\n\t\t\t\t\t<span class=\"elementor-post-date\">\n\t\t\t1 September, 2025\t\t<\/span>\n\t\t\t\t<\/div>\n\t\t\t\t\t<\/div>\n\t\t<\/article>\n\t\t\t\t<article class=\"elementor-post elementor-grid-item post-1651 post type-post status-publish format-standard has-post-thumbnail hentry category-nyheter\" role=\"listitem\">\n\t\t\t<div class=\"elementor-post__card\">\n\t\t\t\t<a class=\"elementor-post__thumbnail__link\" href=\"https:\/\/spaceproduction.se\/en\/2025\/01\/30\/nu-lanserar-space-en-ny-hemsida\/\" tabindex=\"-1\" ><div class=\"elementor-post__thumbnail\"><img loading=\"lazy\" decoding=\"async\" width=\"800\" height=\"534\" src=\"https:\/\/spaceproduction.se\/wp-content\/uploads\/2024\/12\/Bild1-1024x684.jpg\" class=\"attachment-large size-large wp-image-36\" alt=\"\" srcset=\"https:\/\/spaceproduction.se\/wp-content\/uploads\/2024\/12\/Bild1-1024x684.jpg 1024w, https:\/\/spaceproduction.se\/wp-content\/uploads\/2024\/12\/Bild1-300x200.jpg 300w, https:\/\/spaceproduction.se\/wp-content\/uploads\/2024\/12\/Bild1-768x513.jpg 768w, https:\/\/spaceproduction.se\/wp-content\/uploads\/2024\/12\/Bild1.jpg 1103w\" sizes=\"(max-width: 800px) 100vw, 800px\" \/><\/div><\/a>\n\t\t\t\t<div class=\"elementor-post__text\">\n\t\t\t\t<h3 class=\"elementor-post__title\">\n\t\t\t<a href=\"https:\/\/spaceproduction.se\/en\/2025\/01\/30\/nu-lanserar-space-en-ny-hemsida\/\" >\n\t\t\t\tSpace launches a new website\t\t\t<\/a>\n\t\t<\/h3>\n\t\t\t\t<div class=\"elementor-post__excerpt\">\n\t\t\t<p>After a lot of work on a completely new concept, Space now has a new website.<\/p>\n\t\t<\/div>\n\t\t\t\t<\/div>\n\t\t\t\t<div class=\"elementor-post__meta-data\">\n\t\t\t\t\t<span class=\"elementor-post-date\">\n\t\t\t30 January, 2025\t\t<\/span>\n\t\t\t\t<\/div>\n\t\t\t\t\t<\/div>\n\t\t<\/article>\n\t\t\t\t<\/div>\n\t\t\t\t\t<span class=\"e-load-more-spinner\">\n\t\t\t\t<svg aria-hidden=\"true\" class=\"e-font-icon-svg e-fas-spinner\" viewbox=\"0 0 512 512\" xmlns=\"http:\/\/www.w3.org\/2000\/svg\"><path d=\"M304 48c0 26.51-21.49 48-48 48s-48-21.49-48-48 21.49-48 48-48 48 21.49 48 48zm-48 368c-26.51 0-48 21.49-48 48s21.49 48 48 48 48-21.49 48-48-21.49-48-48-48zm208-208c-26.51 0-48 21.49-48 48s21.49 48 48 48 48-21.49 48-48-21.49-48-48-48zM96 256c0-26.51-21.49-48-48-48S0 229.49 0 256s21.49 48 48 48 48-21.49 48-48zm12.922 99.078c-26.51 0-48 21.49-48 48s21.49 48 48 48 48-21.49 48-48c0-26.509-21.491-48-48-48zm294.156 0c-26.51 0-48 21.49-48 48s21.49 48 48 48 48-21.49 48-48c0-26.509-21.49-48-48-48zM108.922 60.922c-26.51 0-48 21.49-48 48s21.49 48 48 48 48-21.49 48-48-21.491-48-48-48z\"><\/path><\/svg>\t\t\t<\/span>\n\t\t\n\t\t\t\t<div class=\"e-load-more-anchor\" data-page=\"1\" data-max-page=\"5\" data-next-page=\"https:\/\/spaceproduction.se\/en\/wp-json\/wp\/v2\/pages\/430\/page\/2\/\"><\/div>\n\t\t\t\t<div class=\"elementor-button-wrapper\">\n\t\t\t<a class=\"elementor-button elementor-size-sm\" role=\"button\">\n\t\t\t\t\t\t<span class=\"elementor-button-content-wrapper\">\n\t\t\t\t\t\t\t\t\t<span class=\"elementor-button-text\">Load more<\/span>\n\t\t\t\t\t<\/span>\n\t\t\t\t\t<\/a>\n\t\t<\/div>\n\t\t\t\t<div class=\"e-load-more-message\"><\/div>\n\t\t\t\t\t\t<\/div>\n\t\t\t\t<\/div>\n\t\t\t\t\t<\/div>\n\t\t\t\t<\/div>\n\t\t\t\t<\/div>","protected":false},"excerpt":{"rendered":"<p>Case Nyheter fr\u00e5n Space Production<\/p>","protected":false},"author":1,"featured_media":0,"parent":0,"menu_order":0,"comment_status":"closed","ping_status":"closed","template":"","meta":{"footnotes":""},"class_list":["post-430","page","type-page","status-publish","hentry"],"yoast_head":"<!-- This site is optimized with the Yoast SEO plugin v27.4 - https:\/\/yoast.com\/product\/yoast-seo-wordpress\/ -->\n<title>NYHETER - Space Production<\/title>\n<meta name=\"description\" content=\"Vi \u00e4r Nordens ledande helhetsleverant\u00f6r inom m\u00e4ssa, event och inredningsproduktion. L\u00e4s de senaste nyheterna fr\u00e5n Space h\u00e4r!\" \/>\n<meta name=\"robots\" content=\"index, follow, max-snippet:-1, max-image-preview:large, max-video-preview:-1\" \/>\n<link rel=\"canonical\" href=\"https:\/\/spaceproduction.se\/en\/nyheter\/\" \/>\n<meta property=\"og:locale\" content=\"en_GB\" \/>\n<meta property=\"og:type\" content=\"article\" \/>\n<meta property=\"og:title\" content=\"NYHETER - Space Production\" \/>\n<meta property=\"og:description\" content=\"Vi \u00e4r Nordens ledande helhetsleverant\u00f6r inom m\u00e4ssa, event och inredningsproduktion. L\u00e4s de senaste nyheterna fr\u00e5n Space h\u00e4r!\" \/>\n<meta property=\"og:url\" content=\"https:\/\/spaceproduction.se\/en\/nyheter\/\" \/>\n<meta property=\"og:site_name\" content=\"Space Production\" \/>\n<meta property=\"article:publisher\" content=\"https:\/\/www.facebook.com\/spaceproduction.se\" \/>\n<meta property=\"article:modified_time\" content=\"2025-01-24T11:51:40+00:00\" \/>\n<meta property=\"og:image\" content=\"https:\/\/spaceproduction.se\/wp-content\/uploads\/2025\/01\/space-16.9.png\" \/>\n\t<meta property=\"og:image:width\" content=\"4400\" \/>\n\t<meta property=\"og:image:height\" content=\"2475\" \/>\n\t<meta property=\"og:image:type\" content=\"image\/png\" \/>\n<meta name=\"twitter:card\" content=\"summary_large_image\" \/>\n<meta name=\"twitter:label1\" content=\"Estimated reading time\" \/>\n\t<meta name=\"twitter:data1\" content=\"1 minute\" \/>\n<script type=\"application\/ld+json\" class=\"yoast-schema-graph\">{\"@context\":\"https:\\\/\\\/schema.org\",\"@graph\":[{\"@type\":\"WebPage\",\"@id\":\"https:\\\/\\\/spaceproduction.se\\\/nyheter\\\/\",\"url\":\"https:\\\/\\\/spaceproduction.se\\\/nyheter\\\/\",\"name\":\"NYHETER - Space Production\",\"isPartOf\":{\"@id\":\"https:\\\/\\\/spaceproduction.se\\\/#website\"},\"datePublished\":\"2024-12-06T13:56:16+00:00\",\"dateModified\":\"2025-01-24T11:51:40+00:00\",\"description\":\"Vi \u00e4r Nordens ledande helhetsleverant\u00f6r inom m\u00e4ssa, event och inredningsproduktion. L\u00e4s de senaste nyheterna fr\u00e5n Space h\u00e4r!\",\"breadcrumb\":{\"@id\":\"https:\\\/\\\/spaceproduction.se\\\/nyheter\\\/#breadcrumb\"},\"inLanguage\":\"en-GB\",\"potentialAction\":[{\"@type\":\"ReadAction\",\"target\":[\"https:\\\/\\\/spaceproduction.se\\\/nyheter\\\/\"]}]},{\"@type\":\"BreadcrumbList\",\"@id\":\"https:\\\/\\\/spaceproduction.se\\\/nyheter\\\/#breadcrumb\",\"itemListElement\":[{\"@type\":\"ListItem\",\"position\":1,\"name\":\"Hem\",\"item\":\"https:\\\/\\\/spaceproduction.se\\\/\"},{\"@type\":\"ListItem\",\"position\":2,\"name\":\"NYHETER\"}]},{\"@type\":\"WebSite\",\"@id\":\"https:\\\/\\\/spaceproduction.se\\\/#website\",\"url\":\"https:\\\/\\\/spaceproduction.se\\\/\",\"name\":\"Space Production\",\"description\":\"Montrar Event Inredning\",\"publisher\":{\"@id\":\"https:\\\/\\\/spaceproduction.se\\\/#organization\"},\"alternateName\":\"Space\",\"potentialAction\":[{\"@type\":\"SearchAction\",\"target\":{\"@type\":\"EntryPoint\",\"urlTemplate\":\"https:\\\/\\\/spaceproduction.se\\\/?s={search_term_string}\"},\"query-input\":{\"@type\":\"PropertyValueSpecification\",\"valueRequired\":true,\"valueName\":\"search_term_string\"}}],\"inLanguage\":\"en-GB\"},{\"@type\":\"Organization\",\"@id\":\"https:\\\/\\\/spaceproduction.se\\\/#organization\",\"name\":\"Space Production\",\"alternateName\":\"Space\",\"url\":\"https:\\\/\\\/spaceproduction.se\\\/\",\"logo\":{\"@type\":\"ImageObject\",\"inLanguage\":\"en-GB\",\"@id\":\"https:\\\/\\\/spaceproduction.se\\\/#\\\/schema\\\/logo\\\/image\\\/\",\"url\":\"https:\\\/\\\/spaceproduction.se\\\/wp-content\\\/uploads\\\/2024\\\/12\\\/Space-Logo-Blue.jpg\",\"contentUrl\":\"https:\\\/\\\/spaceproduction.se\\\/wp-content\\\/uploads\\\/2024\\\/12\\\/Space-Logo-Blue.jpg\",\"width\":567,\"height\":567,\"caption\":\"Space Production\"},\"image\":{\"@id\":\"https:\\\/\\\/spaceproduction.se\\\/#\\\/schema\\\/logo\\\/image\\\/\"},\"sameAs\":[\"https:\\\/\\\/www.facebook.com\\\/spaceproduction.se\",\"https:\\\/\\\/www.instagram.com\\\/spaceproductiongbg\\\/\",\"https:\\\/\\\/www.linkedin.com\\\/company\\\/space-production-ab\\\/\"]}]}<\/script>\n<!-- \/ Yoast SEO plugin. -->","yoast_head_json":{"title":"NYHETER - Space Production","description":"Vi \u00e4r Nordens ledande helhetsleverant\u00f6r inom m\u00e4ssa, event och inredningsproduktion. L\u00e4s de senaste nyheterna fr\u00e5n Space h\u00e4r!","robots":{"index":"index","follow":"follow","max-snippet":"max-snippet:-1","max-image-preview":"max-image-preview:large","max-video-preview":"max-video-preview:-1"},"canonical":"https:\/\/spaceproduction.se\/en\/nyheter\/","og_locale":"en_GB","og_type":"article","og_title":"NYHETER - Space Production","og_description":"Vi \u00e4r Nordens ledande helhetsleverant\u00f6r inom m\u00e4ssa, event och inredningsproduktion. L\u00e4s de senaste nyheterna fr\u00e5n Space h\u00e4r!","og_url":"https:\/\/spaceproduction.se\/en\/nyheter\/","og_site_name":"Space Production","article_publisher":"https:\/\/www.facebook.com\/spaceproduction.se","article_modified_time":"2025-01-24T11:51:40+00:00","og_image":[{"width":4400,"height":2475,"url":"https:\/\/spaceproduction.se\/wp-content\/uploads\/2025\/01\/space-16.9.png","type":"image\/png"}],"twitter_card":"summary_large_image","twitter_misc":{"Estimated reading time":"1 minute"},"schema":{"@context":"https:\/\/schema.org","@graph":[{"@type":"WebPage","@id":"https:\/\/spaceproduction.se\/nyheter\/","url":"https:\/\/spaceproduction.se\/nyheter\/","name":"NYHETER - Space Production","isPartOf":{"@id":"https:\/\/spaceproduction.se\/#website"},"datePublished":"2024-12-06T13:56:16+00:00","dateModified":"2025-01-24T11:51:40+00:00","description":"Vi \u00e4r Nordens ledande helhetsleverant\u00f6r inom m\u00e4ssa, event och inredningsproduktion. L\u00e4s de senaste nyheterna fr\u00e5n Space h\u00e4r!","breadcrumb":{"@id":"https:\/\/spaceproduction.se\/nyheter\/#breadcrumb"},"inLanguage":"en-GB","potentialAction":[{"@type":"ReadAction","target":["https:\/\/spaceproduction.se\/nyheter\/"]}]},{"@type":"BreadcrumbList","@id":"https:\/\/spaceproduction.se\/nyheter\/#breadcrumb","itemListElement":[{"@type":"ListItem","position":1,"name":"Hem","item":"https:\/\/spaceproduction.se\/"},{"@type":"ListItem","position":2,"name":"NYHETER"}]},{"@type":"WebSite","@id":"https:\/\/spaceproduction.se\/#website","url":"https:\/\/spaceproduction.se\/","name":"Space Production","description":"Montrar Event Inredning","publisher":{"@id":"https:\/\/spaceproduction.se\/#organization"},"alternateName":"Space","potentialAction":[{"@type":"SearchAction","target":{"@type":"EntryPoint","urlTemplate":"https:\/\/spaceproduction.se\/?s={search_term_string}"},"query-input":{"@type":"PropertyValueSpecification","valueRequired":true,"valueName":"search_term_string"}}],"inLanguage":"en-GB"},{"@type":"Organization","@id":"https:\/\/spaceproduction.se\/#organization","name":"Space Production","alternateName":"Space","url":"https:\/\/spaceproduction.se\/","logo":{"@type":"ImageObject","inLanguage":"en-GB","@id":"https:\/\/spaceproduction.se\/#\/schema\/logo\/image\/","url":"https:\/\/spaceproduction.se\/wp-content\/uploads\/2024\/12\/Space-Logo-Blue.jpg","contentUrl":"https:\/\/spaceproduction.se\/wp-content\/uploads\/2024\/12\/Space-Logo-Blue.jpg","width":567,"height":567,"caption":"Space Production"},"image":{"@id":"https:\/\/spaceproduction.se\/#\/schema\/logo\/image\/"},"sameAs":["https:\/\/www.facebook.com\/spaceproduction.se","https:\/\/www.instagram.com\/spaceproductiongbg\/","https:\/\/www.linkedin.com\/company\/space-production-ab\/"]}]}},"jetpack_sharing_enabled":true,"_links":{"self":[{"href":"https:\/\/spaceproduction.se\/en\/wp-json\/wp\/v2\/pages\/430","targetHints":{"allow":["GET"]}}],"collection":[{"href":"https:\/\/spaceproduction.se\/en\/wp-json\/wp\/v2\/pages"}],"about":[{"href":"https:\/\/spaceproduction.se\/en\/wp-json\/wp\/v2\/types\/page"}],"author":[{"embeddable":true,"href":"https:\/\/spaceproduction.se\/en\/wp-json\/wp\/v2\/users\/1"}],"replies":[{"embeddable":true,"href":"https:\/\/spaceproduction.se\/en\/wp-json\/wp\/v2\/comments?post=430"}],"version-history":[{"count":43,"href":"https:\/\/spaceproduction.se\/en\/wp-json\/wp\/v2\/pages\/430\/revisions"}],"predecessor-version":[{"id":1483,"href":"https:\/\/spaceproduction.se\/en\/wp-json\/wp\/v2\/pages\/430\/revisions\/1483"}],"wp:attachment":[{"href":"https:\/\/spaceproduction.se\/en\/wp-json\/wp\/v2\/media?parent=430"}],"curies":[{"name":"wp","href":"https:\/\/api.w.org\/{rel}","templated":true}]}}