{"id":950,"date":"2024-12-18T10:11:59","date_gmt":"2024-12-18T10:11:59","guid":{"rendered":"https:\/\/spaceproduction.se\/?page_id=950"},"modified":"2025-04-10T13:23:17","modified_gmt":"2025-04-10T13:23:17","slug":"hallbarhet","status":"publish","type":"page","link":"https:\/\/spaceproduction.se\/en\/hallbarhet\/","title":{"rendered":"H\u00c5LLBARHET"},"content":{"rendered":"\t\t<div data-elementor-type=\"wp-page\" data-elementor-id=\"950\" class=\"elementor elementor-950\" data-elementor-post-type=\"page\">\n\t\t\t\t<div class=\"elementor-element elementor-element-cc12976 e-flex e-con-boxed e-con e-parent\" data-id=\"cc12976\" data-element_type=\"container\" data-e-type=\"container\">\n\t\t\t\t\t<div class=\"e-con-inner\">\n\t\t\t\t<div class=\"elementor-element elementor-element-a01c422 elementor-widget elementor-widget-heading\" data-id=\"a01c422\" data-element_type=\"widget\" data-e-type=\"widget\" data-widget_type=\"heading.default\">\n\t\t\t\t<div class=\"elementor-widget-container\">\n\t\t\t\t\t<h2 class=\"elementor-heading-title elementor-size-default\">H\u00e5llbarhet p\u00e5 Space Production<\/h2>\t\t\t\t<\/div>\n\t\t\t\t<\/div>\n\t\t\t\t<div class=\"elementor-element elementor-element-ccf8ff4 elementor-widget elementor-widget-text-editor\" data-id=\"ccf8ff4\" data-element_type=\"widget\" data-e-type=\"widget\" data-widget_type=\"text-editor.default\">\n\t\t\t\t<div class=\"elementor-widget-container\">\n\t\t\t\t\t\t\t\t\t<p>Space Production \u00e4r milj\u00f6diplomerat enligt Svensk Milj\u00f6bas och ambitionen \u00e4r att under kommande \u00e5r \u00e4ven diplomeras enligt Svensk Kvalitetsbas.<\/p>\t\t\t\t\t\t\t\t<\/div>\n\t\t\t\t<\/div>\n\t\t\t\t<div class=\"elementor-element elementor-element-d59770c elementor-widget elementor-widget-image\" data-id=\"d59770c\" data-element_type=\"widget\" data-e-type=\"widget\" data-widget_type=\"image.default\">\n\t\t\t\t<div class=\"elementor-widget-container\">\n\t\t\t\t\t\t\t\t\t\t\t\t\t\t\t<img fetchpriority=\"high\" decoding=\"async\" width=\"800\" height=\"450\" src=\"https:\/\/spaceproduction.se\/wp-content\/uploads\/2025\/02\/Dekal-Svensk-Miljobas-2022-06-01-1024x576.png\" class=\"attachment-large size-large wp-image-1752\" alt=\"\" srcset=\"https:\/\/spaceproduction.se\/wp-content\/uploads\/2025\/02\/Dekal-Svensk-Miljobas-2022-06-01-1024x576.png 1024w, https:\/\/spaceproduction.se\/wp-content\/uploads\/2025\/02\/Dekal-Svensk-Miljobas-2022-06-01-300x169.png 300w, https:\/\/spaceproduction.se\/wp-content\/uploads\/2025\/02\/Dekal-Svensk-Miljobas-2022-06-01-768x432.png 768w, https:\/\/spaceproduction.se\/wp-content\/uploads\/2025\/02\/Dekal-Svensk-Miljobas-2022-06-01-1536x864.png 1536w, https:\/\/spaceproduction.se\/wp-content\/uploads\/2025\/02\/Dekal-Svensk-Miljobas-2022-06-01-18x10.png 18w, https:\/\/spaceproduction.se\/wp-content\/uploads\/2025\/02\/Dekal-Svensk-Miljobas-2022-06-01.png 1996w\" sizes=\"(max-width: 800px) 100vw, 800px\" \/>\t\t\t\t\t\t\t\t\t\t\t\t\t\t\t<\/div>\n\t\t\t\t<\/div>\n\t\t\t\t<div class=\"elementor-element elementor-element-1b9b9bd elementor-widget elementor-widget-text-editor\" data-id=\"1b9b9bd\" data-element_type=\"widget\" data-e-type=\"widget\" data-widget_type=\"text-editor.default\">\n\t\t\t\t<div class=\"elementor-widget-container\">\n\t\t\t\t\t\t\t\t\t<p>Eftersom vi \u00e4r en ledande akt\u00f6r inom en bransch med betydande milj\u00f6p\u00e5verkan k\u00e4nner vi ett s\u00e4rskilt ansvar. Space Productions policy \u00e4r att vara en god f\u00f6rebild n\u00e4r det g\u00e4ller att begr\u00e4nsa negativ milj\u00f6p\u00e5verkan fr\u00e5n verksamheten.\u00a0<\/p><p>Vi v\u00e4rnar om v\u00e5ra medarbetare, och som en av f\u00e5 i branschen, har vi kollektivavtal och vi \u00e4r medlemmar i Tr\u00e4- och M\u00f6belf\u00f6retagen (TMF).<\/p>\t\t\t\t\t\t\t\t<\/div>\n\t\t\t\t<\/div>\n\t\t\t\t\t<\/div>\n\t\t\t\t<\/div>\n\t\t<div class=\"elementor-element elementor-element-1075335 e-flex e-con-boxed e-con e-parent\" data-id=\"1075335\" data-element_type=\"container\" data-e-type=\"container\" data-settings=\"{&quot;background_background&quot;:&quot;classic&quot;}\">\n\t\t\t\t\t<div class=\"e-con-inner\">\n\t\t\t\t<div class=\"elementor-element elementor-element-3bd892a elementor-widget elementor-widget-heading\" data-id=\"3bd892a\" data-element_type=\"widget\" data-e-type=\"widget\" data-widget_type=\"heading.default\">\n\t\t\t\t<div class=\"elementor-widget-container\">\n\t\t\t\t\t<h2 class=\"elementor-heading-title elementor-size-default\">Kvalitet och utveckling<\/h2>\t\t\t\t<\/div>\n\t\t\t\t<\/div>\n\t\t\t\t<div class=\"elementor-element elementor-element-48b54da elementor-widget elementor-widget-text-editor\" data-id=\"48b54da\" data-element_type=\"widget\" data-e-type=\"widget\" data-widget_type=\"text-editor.default\">\n\t\t\t\t<div class=\"elementor-widget-container\">\n\t\t\t\t\t\t\t\t\t<p>Gemensamt f\u00f6r alla v\u00e5ra projekt \u00e4r att det m\u00e5ste bli r\u00e4tt direkt. Event, m\u00e4ssor och invigningar kan inte skjutas upp. Leveranss\u00e4kerhet \u00e4r grunden f\u00f6r v\u00e5rt arbete.<\/p>\n<p>Vi \u00e4r alltid m\u00e5na om att utvecklas och att forts\u00e4tta vara den h\u00f6gkvalitativa leverant\u00f6r som vi varit i \u00f6ver 30 \u00e5r. Har du arbetat med oss och vill l\u00e4mna feedback?<\/p>\t\t\t\t\t\t\t\t<\/div>\n\t\t\t\t<\/div>\n\t\t\t\t<div class=\"elementor-element elementor-element-ec9a992 elementor-widget elementor-widget-n-accordion\" data-id=\"ec9a992\" data-element_type=\"widget\" data-e-type=\"widget\" data-settings=\"{&quot;default_state&quot;:&quot;all_collapsed&quot;,&quot;max_items_expended&quot;:&quot;one&quot;,&quot;n_accordion_animation_duration&quot;:{&quot;unit&quot;:&quot;ms&quot;,&quot;size&quot;:400,&quot;sizes&quot;:[]}}\" data-widget_type=\"nested-accordion.default\">\n\t\t\t\t<div class=\"elementor-widget-container\">\n\t\t\t\t\t\t\t<div class=\"e-n-accordion\" aria-label=\"Accordion. Open links with Enter or Space, close with Escape, and navigate with Arrow Keys\">\n\t\t\t\t\t\t<details id=\"e-n-accordion-item-2480\" class=\"e-n-accordion-item\" >\n\t\t\t\t<summary class=\"e-n-accordion-item-title\" data-accordion-index=\"1\" tabindex=\"0\" aria-expanded=\"false\" aria-controls=\"e-n-accordion-item-2480\" >\n\t\t\t\t\t<span class='e-n-accordion-item-title-header'><div class=\"e-n-accordion-item-title-text\"> Kontakta oss h\u00e4r <\/div><\/span>\n\t\t\t\t\t\t\t<span class='e-n-accordion-item-title-icon'>\n\t\t\t<span class='e-opened' ><svg aria-hidden=\"true\" class=\"e-font-icon-svg e-fas-chevron-down\" viewBox=\"0 0 448 512\" xmlns=\"http:\/\/www.w3.org\/2000\/svg\"><path d=\"M207.029 381.476L12.686 187.132c-9.373-9.373-9.373-24.569 0-33.941l22.667-22.667c9.357-9.357 24.522-9.375 33.901-.04L224 284.505l154.745-154.021c9.379-9.335 24.544-9.317 33.901.04l22.667 22.667c9.373 9.373 9.373 24.569 0 33.941L240.971 381.476c-9.373 9.372-24.569 9.372-33.942 0z\"><\/path><\/svg><\/span>\n\t\t\t<span class='e-closed'><svg aria-hidden=\"true\" class=\"e-font-icon-svg e-fas-chevron-right\" viewBox=\"0 0 320 512\" xmlns=\"http:\/\/www.w3.org\/2000\/svg\"><path d=\"M285.476 272.971L91.132 467.314c-9.373 9.373-24.569 9.373-33.941 0l-22.667-22.667c-9.357-9.357-9.375-24.522-.04-33.901L188.505 256 34.484 101.255c-9.335-9.379-9.317-24.544.04-33.901l22.667-22.667c9.373-9.373 24.569-9.373 33.941 0L285.475 239.03c9.373 9.372 9.373 24.568.001 33.941z\"><\/path><\/svg><\/span>\n\t\t<\/span>\n\n\t\t\t\t\t\t<\/summary>\n\t\t\t\t<div role=\"region\" aria-labelledby=\"e-n-accordion-item-2480\" class=\"elementor-element elementor-element-63ab0d1 e-con-full e-flex e-con e-child\" data-id=\"63ab0d1\" data-element_type=\"container\" data-e-type=\"container\">\n\t\t\t\t<div class=\"elementor-element elementor-element-26cc570 elementor-button-align-stretch elementor-widget elementor-widget-form\" data-id=\"26cc570\" data-element_type=\"widget\" data-e-type=\"widget\" data-settings=\"{&quot;step_next_label&quot;:&quot;N\\u00e4sta&quot;,&quot;step_previous_label&quot;:&quot;F\\u00f6reg\\u00e5ende&quot;,&quot;button_width&quot;:&quot;100&quot;,&quot;step_type&quot;:&quot;number_text&quot;,&quot;step_icon_shape&quot;:&quot;circle&quot;}\" data-widget_type=\"form.default\">\n\t\t\t\t<div class=\"elementor-widget-container\">\n\t\t\t\t\t\t\t<form class=\"elementor-form\" method=\"post\" name=\"Feedback kvalitet o utveckling\" aria-label=\"Feedback kvalitet o utveckling\">\n\t\t\t<input type=\"hidden\" name=\"post_id\" value=\"950\"\/>\n\t\t\t<input type=\"hidden\" name=\"form_id\" value=\"26cc570\"\/>\n\t\t\t<input type=\"hidden\" name=\"referer_title\" value=\"Space Production\" \/>\n\n\t\t\t\n\t\t\t<div class=\"elementor-form-fields-wrapper elementor-labels-above\">\n\t\t\t\t\t\t\t\t<div class=\"elementor-field-type-text elementor-field-group elementor-column elementor-field-group-name elementor-col-100\">\n\t\t\t\t\t\t\t\t\t\t\t\t<label for=\"form-field-name\" class=\"elementor-field-label\">\n\t\t\t\t\t\t\t\tNamn\t\t\t\t\t\t\t<\/label>\n\t\t\t\t\t\t\t\t\t\t\t\t\t\t<input size=\"1\" type=\"text\" name=\"form_fields[name]\" id=\"form-field-name\" class=\"elementor-field elementor-size-sm  elementor-field-textual\" placeholder=\"Namn (valfritt)\">\n\t\t\t\t\t\t\t\t\t\t\t<\/div>\n\t\t\t\t\t\t\t\t<div class=\"elementor-field-type-email elementor-field-group elementor-column elementor-field-group-email elementor-col-100\">\n\t\t\t\t\t\t\t\t\t\t\t\t<label for=\"form-field-email\" class=\"elementor-field-label\">\n\t\t\t\t\t\t\t\tE-post\t\t\t\t\t\t\t<\/label>\n\t\t\t\t\t\t\t\t\t\t\t\t\t\t<input size=\"1\" type=\"email\" name=\"form_fields[email]\" id=\"form-field-email\" class=\"elementor-field elementor-size-sm  elementor-field-textual\" placeholder=\"E-post (valfritt)\">\n\t\t\t\t\t\t\t\t\t\t\t<\/div>\n\t\t\t\t\t\t\t\t<div class=\"elementor-field-type-textarea elementor-field-group elementor-column elementor-field-group-message elementor-col-100 elementor-field-required elementor-mark-required\">\n\t\t\t\t\t\t\t\t\t\t\t\t<label for=\"form-field-message\" class=\"elementor-field-label\">\n\t\t\t\t\t\t\t\tMeddelande\t\t\t\t\t\t\t<\/label>\n\t\t\t\t\t\t<textarea class=\"elementor-field-textual elementor-field  elementor-size-sm\" name=\"form_fields[message]\" id=\"form-field-message\" rows=\"4\" placeholder=\"Meddelande (obligatoriskt)\" required=\"required\"><\/textarea>\t\t\t\t<\/div>\n\t\t\t\t\t\t\t\t<div class=\"elementor-field-type-acceptance elementor-field-group elementor-column elementor-field-group-GDPR365dagar elementor-col-100 elementor-field-required elementor-mark-required\">\n\t\t\t\t\t\t\t<div class=\"elementor-field-subgroup\">\n\t\t\t<span class=\"elementor-field-option\">\n\t\t\t\t<input type=\"checkbox\" name=\"form_fields[GDPR365dagar]\" id=\"form-field-GDPR365dagar\" class=\"elementor-field elementor-size-sm  elementor-acceptance-field\" required=\"required\">\n\t\t\t\t<label for=\"form-field-GDPR365dagar\">Jag godk\u00e4nner att mina uppgifter sparas av Space Production AB i 1 \u00e5r.<\/label>\t\t\t<\/span>\n\t\t<\/div>\n\t\t\t\t\t\t<\/div>\n\t\t\t\t\t\t\t\t<div class=\"elementor-field-group elementor-column elementor-field-type-submit elementor-col-100 e-form__buttons\">\n\t\t\t\t\t<button class=\"elementor-button elementor-size-sm\" type=\"submit\">\n\t\t\t\t\t\t<span class=\"elementor-button-content-wrapper\">\n\t\t\t\t\t\t\t\t\t\t\t\t\t\t\t\t\t\t\t\t\t\t<span class=\"elementor-button-text\">Skicka<\/span>\n\t\t\t\t\t\t\t\t\t\t\t\t\t<\/span>\n\t\t\t\t\t<\/button>\n\t\t\t\t<\/div>\n\t\t\t<\/div>\n\t\t<\/form>\n\t\t\t\t\t\t<\/div>\n\t\t\t\t<\/div>\n\t\t\t\t<div class=\"elementor-element elementor-element-e232fc9 elementor-widget elementor-widget-text-editor\" data-id=\"e232fc9\" data-element_type=\"widget\" data-e-type=\"widget\" data-widget_type=\"text-editor.default\">\n\t\t\t\t<div class=\"elementor-widget-container\">\n\t\t\t\t\t\t\t\t\t<p style=\"text-align: center;\">Tack f\u00f6r din feedback. Om du valt att l\u00e4mna e-post f\u00e4ltet tomt har vi inte m\u00f6jlighet att \u00e5terkoppla till ditt meddelande.<\/p>\t\t\t\t\t\t\t\t<\/div>\n\t\t\t\t<\/div>\n\t\t\t\t<\/div>\n\t\t\t\t\t<\/details>\n\t\t\t\t\t<\/div>\n\t\t\t\t\t\t<\/div>\n\t\t\t\t<\/div>\n\t\t\t\t\t<\/div>\n\t\t\t\t<\/div>\n\t\t<div class=\"elementor-element elementor-element-f7e254c e-flex e-con-boxed e-con e-parent\" data-id=\"f7e254c\" data-element_type=\"container\" data-e-type=\"container\">\n\t\t\t\t\t<div class=\"e-con-inner\">\n\t\t<div class=\"elementor-element elementor-element-c897ca4 e-con-full e-flex e-con e-child\" data-id=\"c897ca4\" data-element_type=\"container\" data-e-type=\"container\">\n\t\t\t\t<div class=\"elementor-element elementor-element-ae47f27 elementor-widget elementor-widget-heading\" data-id=\"ae47f27\" data-element_type=\"widget\" data-e-type=\"widget\" data-widget_type=\"heading.default\">\n\t\t\t\t<div class=\"elementor-widget-container\">\n\t\t\t\t\t<h2 class=\"elementor-heading-title elementor-size-default\">Milj\u00f6policy<\/h2>\t\t\t\t<\/div>\n\t\t\t\t<\/div>\n\t\t\t\t<div class=\"elementor-element elementor-element-e84f6c9 elementor-widget elementor-widget-text-editor\" data-id=\"e84f6c9\" data-element_type=\"widget\" data-e-type=\"widget\" data-widget_type=\"text-editor.default\">\n\t\t\t\t<div class=\"elementor-widget-container\">\n\t\t\t\t\t\t\t\t\t<p style=\"text-align: left;\">Space Production skall vara en god f\u00f6rebild n\u00e4r det g\u00e4ller att begr\u00e4nsa negativ milj\u00f6p\u00e5verkan fr\u00e5n v\u00e5r verksamhet. Vi har ett s\u00e4rskilt ansvar, eftersom vi \u00e4r en ledande akt\u00f6r inom en bransch med betydande milj\u00f6p\u00e5verkan. Varje dag fattas beslut med stor milj\u00f6p\u00e5verkan inom ramen f\u00f6r vart och ett av v\u00e5ra m\u00e5nga projekt. Personalen ska d\u00e4rf\u00f6r vara medveten om dessa milj\u00f6kritiska val, och g\u00f6ra milj\u00f6analyser till en naturlig del av planeringsarbetet.<\/p><p style=\"text-align: left;\">Samtidigt utg\u00e5r allt vi g\u00f6r fr\u00e5n de ramar och krav som v\u00e5ra kunder s\u00e4tter. Det ligger i v\u00e5r kultur att alltid leverera det som v\u00e5ra kunder efterfr\u00e5gar, och detta \u00e4r n\u00e5got som vi m\u00e5ste v\u00e4rna. Milj\u00f6aspekterna m\u00e5ste d\u00e4rf\u00f6r \u00e4ven vara en naturlig del av dialogen med v\u00e5ra kunder, endast d\u00e5 kan milj\u00f6arbetet n\u00e5 full kraft.<\/p>\t\t\t\t\t\t\t\t<\/div>\n\t\t\t\t<\/div>\n\t\t\t\t<div class=\"elementor-element elementor-element-007aa5a elementor-widget elementor-widget-text-editor\" data-id=\"007aa5a\" data-element_type=\"widget\" data-e-type=\"widget\" data-widget_type=\"text-editor.default\">\n\t\t\t\t<div class=\"elementor-widget-container\">\n\t\t\t\t\t\t\t\t\t<p style=\"text-align: left;\">Med utg\u00e5ngspunkt i detta skall vi alltid verka f\u00f6r att<\/p><ol><li style=\"text-align: left;\">F\u00f6lja de milj\u00f6lagar och krav som g\u00e4ller f\u00f6r v\u00e5r verksamhet.<\/li><li style=\"text-align: left;\">Genomf\u00f6ra v\u00e5ra kunduppdrag s\u00e5 att milj\u00f6p\u00e5verkan minimeras inom ramen f\u00f6r varje uppdragsspecifikation och budget, i en tydlig dialog med v\u00e5ra kunder.<\/li><li style=\"text-align: left;\">Aktivt f\u00f6rs\u00f6ka p\u00e5verka v\u00e5ra kunder s\u00e5 att uppdragsspecifikationer och budgetar m\u00f6jligg\u00f6r mer milj\u00f6v\u00e4nliga val.<\/li><li style=\"text-align: left;\">Driva v\u00e5ra l\u00f6pande funktioner med en mycket h\u00f6g ambition avseende milj\u00f6p\u00e5verkan.<\/li><li style=\"text-align: left;\">H\u00e5lla all personal informerad, medveten och engagerad kring v\u00e5rt milj\u00f6arbete.<\/li><li style=\"text-align: left;\">Agera f\u00f6rebyggande och med fokus p\u00e5 st\u00e4ndiga f\u00f6rb\u00e4ttringar.<\/li><li style=\"text-align: left;\">Lyfta milj\u00f6aspekter i v\u00e5r externa kommunikation, och sprida positiva exempel.<\/li><\/ol>\t\t\t\t\t\t\t\t<\/div>\n\t\t\t\t<\/div>\n\t\t\t\t<\/div>\n\t\t\t\t\t<\/div>\n\t\t\t\t<\/div>\n\t\t\t\t<\/div>\n\t\t","protected":false},"excerpt":{"rendered":"<p>H\u00e5llbarhet p\u00e5 Space Production Space Production \u00e4r milj\u00f6diplomerat enligt Svensk Milj\u00f6bas och ambitionen \u00e4r att under kommande \u00e5r \u00e4ven diplomeras enligt Svensk Kvalitetsbas. Eftersom vi \u00e4r en ledande akt\u00f6r inom en bransch med betydande milj\u00f6p\u00e5verkan k\u00e4nner vi ett s\u00e4rskilt ansvar. Space Productions policy \u00e4r att vara en god f\u00f6rebild n\u00e4r det g\u00e4ller att begr\u00e4nsa negativ [&hellip;]<\/p>\n","protected":false},"author":1,"featured_media":0,"parent":0,"menu_order":0,"comment_status":"closed","ping_status":"closed","template":"","meta":{"footnotes":""},"class_list":["post-950","page","type-page","status-publish","hentry"],"yoast_head":"<!-- This site is optimized with the Yoast SEO plugin v27.5 - https:\/\/yoast.com\/product\/yoast-seo-wordpress\/ -->\n<title>H\u00e5llbarhet - Space Production<\/title>\n<meta name=\"description\" content=\"Vi \u00e4r Nordens ledande helhetsleverant\u00f6r inom m\u00e4ssa, event och inredningsproduktion. L\u00e4s om v\u00e5rt h\u00e5llbara arbete h\u00e4r!\" \/>\n<meta name=\"robots\" content=\"index, follow, max-snippet:-1, max-image-preview:large, max-video-preview:-1\" \/>\n<link rel=\"canonical\" href=\"https:\/\/spaceproduction.se\/en\/hallbarhet\/\" \/>\n<meta property=\"og:locale\" content=\"en_GB\" \/>\n<meta property=\"og:type\" content=\"article\" \/>\n<meta property=\"og:title\" content=\"H\u00e5llbarhet - Space Production\" \/>\n<meta property=\"og:description\" content=\"Vi \u00e4r Nordens ledande helhetsleverant\u00f6r inom m\u00e4ssa, event och inredningsproduktion. L\u00e4s om v\u00e5rt h\u00e5llbara arbete h\u00e4r!\" \/>\n<meta property=\"og:url\" content=\"https:\/\/spaceproduction.se\/en\/hallbarhet\/\" \/>\n<meta property=\"og:site_name\" content=\"Space Production\" \/>\n<meta property=\"article:publisher\" content=\"https:\/\/www.facebook.com\/spaceproduction.se\" \/>\n<meta property=\"article:modified_time\" content=\"2025-04-10T13:23:17+00:00\" \/>\n<meta property=\"og:image\" content=\"https:\/\/spaceproduction.se\/wp-content\/uploads\/2025\/02\/Dekal-Svensk-Miljobas-2022-06-01.png\" \/>\n\t<meta property=\"og:image:width\" content=\"1996\" \/>\n\t<meta property=\"og:image:height\" content=\"1123\" \/>\n\t<meta property=\"og:image:type\" content=\"image\/png\" \/>\n<meta name=\"twitter:card\" content=\"summary_large_image\" \/>\n<meta name=\"twitter:label1\" content=\"Estimated reading time\" \/>\n\t<meta name=\"twitter:data1\" content=\"3 minutes\" \/>\n<script type=\"application\/ld+json\" class=\"yoast-schema-graph\">{\"@context\":\"https:\\\/\\\/schema.org\",\"@graph\":[{\"@type\":\"WebPage\",\"@id\":\"https:\\\/\\\/spaceproduction.se\\\/hallbarhet\\\/\",\"url\":\"https:\\\/\\\/spaceproduction.se\\\/hallbarhet\\\/\",\"name\":\"H\u00e5llbarhet - Space Production\",\"isPartOf\":{\"@id\":\"https:\\\/\\\/spaceproduction.se\\\/#website\"},\"primaryImageOfPage\":{\"@id\":\"https:\\\/\\\/spaceproduction.se\\\/hallbarhet\\\/#primaryimage\"},\"image\":{\"@id\":\"https:\\\/\\\/spaceproduction.se\\\/hallbarhet\\\/#primaryimage\"},\"thumbnailUrl\":\"https:\\\/\\\/spaceproduction.se\\\/wp-content\\\/uploads\\\/2025\\\/02\\\/Dekal-Svensk-Miljobas-2022-06-01-1024x576.png\",\"datePublished\":\"2024-12-18T10:11:59+00:00\",\"dateModified\":\"2025-04-10T13:23:17+00:00\",\"description\":\"Vi \u00e4r Nordens ledande helhetsleverant\u00f6r inom m\u00e4ssa, event och inredningsproduktion. L\u00e4s om v\u00e5rt h\u00e5llbara arbete h\u00e4r!\",\"breadcrumb\":{\"@id\":\"https:\\\/\\\/spaceproduction.se\\\/hallbarhet\\\/#breadcrumb\"},\"inLanguage\":\"en-GB\",\"potentialAction\":[{\"@type\":\"ReadAction\",\"target\":[\"https:\\\/\\\/spaceproduction.se\\\/hallbarhet\\\/\"]}]},{\"@type\":\"ImageObject\",\"inLanguage\":\"en-GB\",\"@id\":\"https:\\\/\\\/spaceproduction.se\\\/hallbarhet\\\/#primaryimage\",\"url\":\"https:\\\/\\\/spaceproduction.se\\\/wp-content\\\/uploads\\\/2025\\\/02\\\/Dekal-Svensk-Miljobas-2022-06-01-1024x576.png\",\"contentUrl\":\"https:\\\/\\\/spaceproduction.se\\\/wp-content\\\/uploads\\\/2025\\\/02\\\/Dekal-Svensk-Miljobas-2022-06-01-1024x576.png\"},{\"@type\":\"BreadcrumbList\",\"@id\":\"https:\\\/\\\/spaceproduction.se\\\/hallbarhet\\\/#breadcrumb\",\"itemListElement\":[{\"@type\":\"ListItem\",\"position\":1,\"name\":\"Hem\",\"item\":\"https:\\\/\\\/spaceproduction.se\\\/\"},{\"@type\":\"ListItem\",\"position\":2,\"name\":\"H\u00c5LLBARHET\"}]},{\"@type\":\"WebSite\",\"@id\":\"https:\\\/\\\/spaceproduction.se\\\/#website\",\"url\":\"https:\\\/\\\/spaceproduction.se\\\/\",\"name\":\"Space Production\",\"description\":\"Montrar Event Inredning\",\"publisher\":{\"@id\":\"https:\\\/\\\/spaceproduction.se\\\/#organization\"},\"alternateName\":\"Space\",\"potentialAction\":[{\"@type\":\"SearchAction\",\"target\":{\"@type\":\"EntryPoint\",\"urlTemplate\":\"https:\\\/\\\/spaceproduction.se\\\/?s={search_term_string}\"},\"query-input\":{\"@type\":\"PropertyValueSpecification\",\"valueRequired\":true,\"valueName\":\"search_term_string\"}}],\"inLanguage\":\"en-GB\"},{\"@type\":\"Organization\",\"@id\":\"https:\\\/\\\/spaceproduction.se\\\/#organization\",\"name\":\"Space Production\",\"alternateName\":\"Space\",\"url\":\"https:\\\/\\\/spaceproduction.se\\\/\",\"logo\":{\"@type\":\"ImageObject\",\"inLanguage\":\"en-GB\",\"@id\":\"https:\\\/\\\/spaceproduction.se\\\/#\\\/schema\\\/logo\\\/image\\\/\",\"url\":\"https:\\\/\\\/spaceproduction.se\\\/wp-content\\\/uploads\\\/2024\\\/12\\\/Space-Logo-Blue.jpg\",\"contentUrl\":\"https:\\\/\\\/spaceproduction.se\\\/wp-content\\\/uploads\\\/2024\\\/12\\\/Space-Logo-Blue.jpg\",\"width\":567,\"height\":567,\"caption\":\"Space Production\"},\"image\":{\"@id\":\"https:\\\/\\\/spaceproduction.se\\\/#\\\/schema\\\/logo\\\/image\\\/\"},\"sameAs\":[\"https:\\\/\\\/www.facebook.com\\\/spaceproduction.se\",\"https:\\\/\\\/www.instagram.com\\\/spaceproductiongbg\\\/\",\"https:\\\/\\\/www.linkedin.com\\\/company\\\/space-production-ab\\\/\"]}]}<\/script>\n<!-- \/ Yoast SEO plugin. -->","yoast_head_json":{"title":"H\u00e5llbarhet - Space Production","description":"Vi \u00e4r Nordens ledande helhetsleverant\u00f6r inom m\u00e4ssa, event och inredningsproduktion. L\u00e4s om v\u00e5rt h\u00e5llbara arbete h\u00e4r!","robots":{"index":"index","follow":"follow","max-snippet":"max-snippet:-1","max-image-preview":"max-image-preview:large","max-video-preview":"max-video-preview:-1"},"canonical":"https:\/\/spaceproduction.se\/en\/hallbarhet\/","og_locale":"en_GB","og_type":"article","og_title":"H\u00e5llbarhet - Space Production","og_description":"Vi \u00e4r Nordens ledande helhetsleverant\u00f6r inom m\u00e4ssa, event och inredningsproduktion. L\u00e4s om v\u00e5rt h\u00e5llbara arbete h\u00e4r!","og_url":"https:\/\/spaceproduction.se\/en\/hallbarhet\/","og_site_name":"Space Production","article_publisher":"https:\/\/www.facebook.com\/spaceproduction.se","article_modified_time":"2025-04-10T13:23:17+00:00","og_image":[{"width":1996,"height":1123,"url":"https:\/\/spaceproduction.se\/wp-content\/uploads\/2025\/02\/Dekal-Svensk-Miljobas-2022-06-01.png","type":"image\/png"}],"twitter_card":"summary_large_image","twitter_misc":{"Estimated reading time":"3 minutes"},"schema":{"@context":"https:\/\/schema.org","@graph":[{"@type":"WebPage","@id":"https:\/\/spaceproduction.se\/hallbarhet\/","url":"https:\/\/spaceproduction.se\/hallbarhet\/","name":"H\u00e5llbarhet - Space Production","isPartOf":{"@id":"https:\/\/spaceproduction.se\/#website"},"primaryImageOfPage":{"@id":"https:\/\/spaceproduction.se\/hallbarhet\/#primaryimage"},"image":{"@id":"https:\/\/spaceproduction.se\/hallbarhet\/#primaryimage"},"thumbnailUrl":"https:\/\/spaceproduction.se\/wp-content\/uploads\/2025\/02\/Dekal-Svensk-Miljobas-2022-06-01-1024x576.png","datePublished":"2024-12-18T10:11:59+00:00","dateModified":"2025-04-10T13:23:17+00:00","description":"Vi \u00e4r Nordens ledande helhetsleverant\u00f6r inom m\u00e4ssa, event och inredningsproduktion. L\u00e4s om v\u00e5rt h\u00e5llbara arbete h\u00e4r!","breadcrumb":{"@id":"https:\/\/spaceproduction.se\/hallbarhet\/#breadcrumb"},"inLanguage":"en-GB","potentialAction":[{"@type":"ReadAction","target":["https:\/\/spaceproduction.se\/hallbarhet\/"]}]},{"@type":"ImageObject","inLanguage":"en-GB","@id":"https:\/\/spaceproduction.se\/hallbarhet\/#primaryimage","url":"https:\/\/spaceproduction.se\/wp-content\/uploads\/2025\/02\/Dekal-Svensk-Miljobas-2022-06-01-1024x576.png","contentUrl":"https:\/\/spaceproduction.se\/wp-content\/uploads\/2025\/02\/Dekal-Svensk-Miljobas-2022-06-01-1024x576.png"},{"@type":"BreadcrumbList","@id":"https:\/\/spaceproduction.se\/hallbarhet\/#breadcrumb","itemListElement":[{"@type":"ListItem","position":1,"name":"Hem","item":"https:\/\/spaceproduction.se\/"},{"@type":"ListItem","position":2,"name":"H\u00c5LLBARHET"}]},{"@type":"WebSite","@id":"https:\/\/spaceproduction.se\/#website","url":"https:\/\/spaceproduction.se\/","name":"Space Production","description":"Montrar Event Inredning","publisher":{"@id":"https:\/\/spaceproduction.se\/#organization"},"alternateName":"Space","potentialAction":[{"@type":"SearchAction","target":{"@type":"EntryPoint","urlTemplate":"https:\/\/spaceproduction.se\/?s={search_term_string}"},"query-input":{"@type":"PropertyValueSpecification","valueRequired":true,"valueName":"search_term_string"}}],"inLanguage":"en-GB"},{"@type":"Organization","@id":"https:\/\/spaceproduction.se\/#organization","name":"Space Production","alternateName":"Space","url":"https:\/\/spaceproduction.se\/","logo":{"@type":"ImageObject","inLanguage":"en-GB","@id":"https:\/\/spaceproduction.se\/#\/schema\/logo\/image\/","url":"https:\/\/spaceproduction.se\/wp-content\/uploads\/2024\/12\/Space-Logo-Blue.jpg","contentUrl":"https:\/\/spaceproduction.se\/wp-content\/uploads\/2024\/12\/Space-Logo-Blue.jpg","width":567,"height":567,"caption":"Space Production"},"image":{"@id":"https:\/\/spaceproduction.se\/#\/schema\/logo\/image\/"},"sameAs":["https:\/\/www.facebook.com\/spaceproduction.se","https:\/\/www.instagram.com\/spaceproductiongbg\/","https:\/\/www.linkedin.com\/company\/space-production-ab\/"]}]}},"jetpack_sharing_enabled":true,"_links":{"self":[{"href":"https:\/\/spaceproduction.se\/en\/wp-json\/wp\/v2\/pages\/950","targetHints":{"allow":["GET"]}}],"collection":[{"href":"https:\/\/spaceproduction.se\/en\/wp-json\/wp\/v2\/pages"}],"about":[{"href":"https:\/\/spaceproduction.se\/en\/wp-json\/wp\/v2\/types\/page"}],"author":[{"embeddable":true,"href":"https:\/\/spaceproduction.se\/en\/wp-json\/wp\/v2\/users\/1"}],"replies":[{"embeddable":true,"href":"https:\/\/spaceproduction.se\/en\/wp-json\/wp\/v2\/comments?post=950"}],"version-history":[{"count":78,"href":"https:\/\/spaceproduction.se\/en\/wp-json\/wp\/v2\/pages\/950\/revisions"}],"predecessor-version":[{"id":1950,"href":"https:\/\/spaceproduction.se\/en\/wp-json\/wp\/v2\/pages\/950\/revisions\/1950"}],"wp:attachment":[{"href":"https:\/\/spaceproduction.se\/en\/wp-json\/wp\/v2\/media?parent=950"}],"curies":[{"name":"wp","href":"https:\/\/api.w.org\/{rel}","templated":true}]}}